{"id":75,"date":"2017-01-16T23:50:39","date_gmt":"2017-01-16T23:50:39","guid":{"rendered":"http:\/\/themenectar.com\/demo\/salient-minimal-portfolio\/?page_id=75"},"modified":"2026-04-15T20:06:14","modified_gmt":"2026-04-15T20:06:14","slug":"impressum","status":"publish","type":"page","link":"https:\/\/lovelivingbeing.com\/de\/impressum\/","title":{"rendered":"Impressum"},"content":{"rendered":"<div id=\"fws_69e39e645a3d9\"  data-column-margin=\"default\" data-midnight=\"light\" data-top-percent=\"8%\"  class=\"wpb_row vc_row-fluid vc_row full-width-section parallax_section\"  style=\"padding-top: calc(100vw * 0.08); padding-bottom: 0px; \"><div class=\"row-bg-wrap\" data-bg-animation=\"none\" data-bg-animation-delay=\"\" data-bg-overlay=\"true\"><div class=\"inner-wrap row-bg-layer using-image\" ><div class=\"row-bg viewport-desktop using-image using-bg-color\" data-parallax-speed=\"fast\" style=\"background-image: url(http:\/\/source.unsplash.com\/uvMYpVdiqlU); background-position: center center; background-repeat: no-repeat; background-color: #141414; \"><\/div><\/div><div class=\"row-bg-overlay row-bg-layer\" style=\"background-color:#0a0a0a;  opacity: 0.5; \"><\/div><\/div><div class=\"row_col_wrap_12 col span_12 light left\">\n\t<div  class=\"vc_col-sm-6 wpb_column column_container vc_column_container col no-extra-padding inherit_tablet inherit_phone\"  data-padding-pos=\"all\" data-has-bg-color=\"false\" data-bg-color=\"\" data-bg-opacity=\"1\" data-animation=\"\" data-delay=\"0\" >\n\t\t<div class=\"vc_column-inner\" >\n\t\t\t<div class=\"wpb_wrapper\">\n\t\t\t\t<div id=\"fws_69e39e645ab5f\" data-midnight=\"\" data-column-margin=\"default\" class=\"wpb_row vc_row-fluid vc_row inner_row\"  style=\"\"><div class=\"row-bg-wrap\"> <div class=\"row-bg\" ><\/div> <\/div><div class=\"row_col_wrap_12_inner col span_12  left\">\n\t<div  class=\"vc_col-sm-12 wpb_column column_container vc_column_container col child_column has-animation no-extra-padding inherit_tablet inherit_phone\"   data-padding-pos=\"all\" data-has-bg-color=\"false\" data-bg-color=\"\" data-bg-opacity=\"1\" data-animation=\"fade-in-from-bottom\" data-delay=\"0\" >\n\t\t<div class=\"vc_column-inner\" >\n\t\t<div class=\"wpb_wrapper\">\n\t\t\t\n<div class=\"wpb_text_column wpb_content_element\" >\n\t<div class=\"wpb_wrapper\">\n\t\t<h2>Impressum<\/h2>\n\t<\/div>\n<\/div>\n\n\n\n\n\t\t<\/div> \n\t<\/div>\n\t<\/div> \n<\/div><\/div>\n<div class=\"wpb_text_column wpb_content_element\" >\n\t<div class=\"wpb_wrapper\">\n\t\t<p class=\"font-claude-response-body break-words whitespace-pre-wrap leading-&#091;1.7&#093;\">Love Living Being gUG (haftungsbeschr\u00e4nkt) c\/o Melisa Martinez Pelayo Florastra\u00dfe 74, 13187 Berlin<\/p>\n<p class=\"font-claude-response-body break-words whitespace-pre-wrap leading-&#091;1.7&#093;\">Eingetragen: Amtsgericht Charlottenburg \u00b7 HRB 282327 B Gemeinn\u00fctzig seit: 18.12.2025<\/p>\n<p class=\"font-claude-response-body break-words whitespace-normal leading-&#091;1.7&#093;\">Verantwortlich nach \u00a7 5 TMG: Melisa Martinez Pelayo E-Mail: <a class=\"underline underline underline-offset-2 decoration-1 decoration-current\/40 hover:decoration-current focus:decoration-current\" href=\"mailto:contact@lovelivingbeing.com\">contact@lovelivingbeing.com<\/a><\/p>\n<p class=\"font-claude-response-body break-words whitespace-pre-wrap leading-&#091;1.7&#093;\">Haftungsausschluss: Trotz sorgf\u00e4ltiger inhaltlicher Kontrolle \u00fcbernehmen wir keine Haftung f\u00fcr die Inhalte externer Links. F\u00fcr den Inhalt der verlinkten Seiten sind ausschlie\u00dflich deren Betreiber*innen verantwortlich.<\/p>\n<p class=\"font-claude-response-body break-words whitespace-normal leading-&#091;1.7&#093;\">Bildnachweise: Einige auf dieser Website verwendete Bilder stammen von unsplash.com und werden gem\u00e4\u00df der Unsplash-Lizenz verwendet. Weitere visuelle Elemente wurden kreativ mit KI-basierten Tools generiert. \u00a9 Die jeweiligen Fotograf<em>innen bzw. Urheber<\/em>innen.<\/p>\n<p class=\"font-claude-response-body break-words whitespace-normal leading-&#091;1.7&#093;\">\u00a9 2026 Love Living Being gUG. All rights reserved.<\/p>\n\t<\/div>\n<\/div>\n\n\n\n<div id=\"fws_69e39e645b360\" data-midnight=\"\" data-column-margin=\"default\" class=\"wpb_row vc_row-fluid vc_row inner_row\"  style=\"\"><div class=\"row-bg-wrap\"> <div class=\"row-bg\" ><\/div> <\/div><div class=\"row_col_wrap_12_inner col span_12  left\">\n\t<div  class=\"vc_col-sm-12 wpb_column column_container vc_column_container col child_column has-animation no-extra-padding inherit_tablet inherit_phone\"   data-padding-pos=\"all\" data-has-bg-color=\"false\" data-bg-color=\"\" data-bg-opacity=\"1\" data-animation=\"fade-in-from-bottom\" data-delay=\"200\" >\n\t\t<div class=\"vc_column-inner\" >\n\t\t<div class=\"wpb_wrapper\">\n\t\t\t<a class=\"nectar-button large see-through-2\"  role=\"button\" style=\"margin-top: 10px; \"  href=\"mailto:contact@lovelivingbeing.com\" data-color-override=\"false\"  data-hover-color-override=\"#FFFFFF\" data-hover-text-color-override=\"#000000\"><span>Kontakt<\/span><\/a>\n\t\t<\/div> \n\t<\/div>\n\t<\/div> \n<\/div><\/div>\n\t\t\t<\/div> \n\t\t<\/div>\n\t<\/div> \n\n\t<div  class=\"vc_col-sm-6 wpb_column column_container vc_column_container col no-extra-padding inherit_tablet inherit_phone\"  data-padding-pos=\"all\" data-has-bg-color=\"false\" data-bg-color=\"\" data-bg-opacity=\"1\" data-animation=\"\" data-delay=\"0\" >\n\t\t<div class=\"vc_column-inner\" >\n\t\t\t<div class=\"wpb_wrapper\">\n\t\t\t\t\n\t\t\t<\/div> \n\t\t<\/div>\n\t<\/div> \n<\/div><\/div>\n\t\t<div id=\"fws_69e39e645bfe1\"  data-column-margin=\"default\" data-midnight=\"light\" data-top-percent=\"5%\" data-bottom-percent=\"5%\"  class=\"wpb_row vc_row-fluid vc_row full-width-section parallax_section\"  style=\"padding-top: calc(100vw * 0.05); padding-bottom: calc(100vw * 0.05); \"><div class=\"row-bg-wrap\" data-bg-animation=\"none\" data-bg-animation-delay=\"\" data-bg-overlay=\"true\"><div class=\"inner-wrap row-bg-layer using-image\" ><div class=\"row-bg viewport-desktop using-image using-bg-color\" data-parallax-speed=\"fast\" style=\"background-image: url(http:\/\/source.unsplash.com\/uvMYpVdiqlU); background-position: center center; background-repeat: no-repeat; background-color: #141414; \"><\/div><\/div><div class=\"row-bg-overlay row-bg-layer\" style=\"background-color:#0a0a0a;  opacity: 0.5; \"><\/div><\/div><div class=\"row_col_wrap_12 col span_12 light left\">\n\t<div style=\"margin-bottom: 5%; \" class=\"vc_col-sm-12 wpb_column column_container vc_column_container col no-extra-padding inherit_tablet inherit_phone\"  data-padding-pos=\"all\" data-has-bg-color=\"false\" data-bg-color=\"\" data-bg-opacity=\"1\" data-animation=\"\" data-delay=\"0\" >\n\t\t<div class=\"vc_column-inner\" >\n\t\t\t<div class=\"wpb_wrapper\">\n\t\t\t\t<div class=\"divider-wrap\" data-alignment=\"default\"><div style=\"margin-top: 12.5px; height: 1px; margin-bottom: 12.5px;\" data-width=\"100%\" data-animate=\"\" data-animation-delay=\"\" data-color=\"white\" class=\"divider-border\"><\/div><\/div>\n\t\t\t<\/div> \n\t\t<\/div>\n\t<\/div> \n\n\t<div  class=\"vc_col-sm-6 wpb_column column_container vc_column_container col no-extra-padding inherit_tablet inherit_phone\"  data-padding-pos=\"all\" data-has-bg-color=\"false\" data-bg-color=\"\" data-bg-opacity=\"1\" data-animation=\"\" data-delay=\"0\" >\n\t\t<div class=\"vc_column-inner\" >\n\t\t\t<div class=\"wpb_wrapper\">\n\t\t\t\t<div id=\"fws_69e39e645c96a\" data-midnight=\"\" data-column-margin=\"default\" class=\"wpb_row vc_row-fluid vc_row inner_row\"  style=\"\"><div class=\"row-bg-wrap\"> <div class=\"row-bg\" ><\/div> <\/div><div class=\"row_col_wrap_12_inner col span_12  left\">\n\t<div  class=\"vc_col-sm-12 wpb_column column_container vc_column_container col child_column has-animation no-extra-padding inherit_tablet inherit_phone\"   data-padding-pos=\"all\" data-has-bg-color=\"false\" data-bg-color=\"\" data-bg-opacity=\"1\" data-animation=\"fade-in-from-bottom\" data-delay=\"0\" >\n\t\t<div class=\"vc_column-inner\" >\n\t\t<div class=\"wpb_wrapper\">\n\t\t\t\n<div class=\"wpb_text_column wpb_content_element\" >\n\t<div class=\"wpb_wrapper\">\n\t\t<h2 data-start=\"3131\" data-end=\"3170\">Datenschutzerkl\u00e4rung (vorl\u00e4ufig)<\/h2>\n\t<\/div>\n<\/div>\n\n\n\n\n\t\t<\/div> \n\t<\/div>\n\t<\/div> \n<\/div><\/div>\n<div class=\"wpb_text_column wpb_content_element\" >\n\t<div class=\"wpb_wrapper\">\n\t\t<p class=\"font-claude-response-body break-words whitespace-normal leading-&#091;1.7&#093;\"><strong>1. Verantwortliche Stelle<\/strong> Love Living Being gUG (haftungsbeschr\u00e4nkt) Vertreten durch: Melisa Martinez Pelayo c\/o Melisa Martinez Pelayo, Florastra\u00dfe 74, 13187 Berlin E-Mail: <a class=\"underline underline underline-offset-2 decoration-1 decoration-current\/40 hover:decoration-current focus:decoration-current\" href=\"mailto:contact@lovelivingbeing.com\">contact@lovelivingbeing.com<\/a><\/p>\n<hr class=\"border-border-200 border-t-0.5 my-3 mx-1.5\">\n<p class=\"font-claude-response-body break-words whitespace-normal leading-&#091;1.7&#093;\"><strong>2. Erhebung und Verarbeitung personenbezogener Daten<\/strong><\/p>\n<p class=\"font-claude-response-body break-words whitespace-normal leading-&#091;1.7&#093;\"><strong>2.1 Server-Logfiles<\/strong> Beim Besuch dieser Website werden automatisch technisch notwendige Daten verarbeitet (z. B. IP-Adresse, Datum, Uhrzeit, Browsertyp). Rechtsgrundlage: Art. 6 Abs. 1 lit. f DSGVO (berechtigtes Interesse am sicheren Betrieb der Website). Die Daten werden nach kurzer Zeit automatisch gel\u00f6scht.<\/p>\n<p class=\"font-claude-response-body break-words whitespace-normal leading-&#091;1.7&#093;\"><strong>2.2 Keine Cookies<\/strong> Diese Website verwendet keine Cookies.<\/p>\n<hr class=\"border-border-200 border-t-0.5 my-3 mx-1.5\">\n<p class=\"font-claude-response-body break-words whitespace-normal leading-&#091;1.7&#093;\"><strong>3. Kontaktaufnahme per E-Mail<\/strong> Eingehende E-Mails werden ausschlie\u00dflich zur Bearbeitung der jeweiligen Anfrage genutzt. Rechtsgrundlage: Art. 6 Abs. 1 lit. b DSGVO (vorvertragliche Kommunikation) bzw. Art. 6 Abs. 1 lit. f DSGVO.<\/p>\n<hr class=\"border-border-200 border-t-0.5 my-3 mx-1.5\">\n<p class=\"font-claude-response-body break-words whitespace-normal leading-&#091;1.7&#093;\"><strong>4. Einreichungen \u00fcber Nextcloud (DRANG)<\/strong> F\u00fcr Uploads wird eine DSGVO-konforme Nextcloud auf deutschen Servern genutzt.<\/p>\n<p class=\"font-claude-response-body break-words whitespace-normal leading-&#091;1.7&#093;\">Folgende Daten werden bei Einreichungen verarbeitet:<\/p>\n<ul class=\"&#091;li_&amp;&#093;:mb-0 &#091;li_&amp;&#093;:mt-1 &#091;li_&amp;&#093;:gap-1 &#091;&amp;:not(:last-child)_ul&#093;:pb-1 &#091;&amp;:not(:last-child)_ol&#093;:pb-1 list-disc flex flex-col gap-1 pl-8 mb-3\">\n<li class=\"whitespace-normal break-words pl-2\">hochgeladene Dateien (Foto, Video, Audio, Text)<\/li>\n<li class=\"whitespace-normal break-words pl-2\">optionaler Kommentar<\/li>\n<li class=\"whitespace-normal break-words pl-2\">freiwillige Kontaktangaben<\/li>\n<li class=\"whitespace-normal break-words pl-2\">technische Metadaten (Zeitpunkt)<\/li>\n<\/ul>\n<p class=\"font-claude-response-body break-words whitespace-pre-wrap leading-&#091;1.7&#093;\">Zweck: Verarbeitung, Kuratierung und ggf. k\u00fcnstlerische Bearbeitung im Rahmen des Projekts DRANG. Rechtsgrundlage: Art. 6 Abs. 1 lit. a DSGVO (Einwilligung).<\/p>\n<hr class=\"border-border-200 border-t-0.5 my-3 mx-1.5\">\n<p class=\"font-claude-response-body break-words whitespace-normal leading-&#091;1.7&#093;\"><strong>5. Weitergabe von Daten<\/strong> Es erfolgt keine Weitergabe personenbezogener Daten an Dritte. Einreichungen k\u00f6nnen in k\u00fcnstlerischen Werken oder Ausstellungen erscheinen, jedoch ausschlie\u00dflich anonymisiert.<\/p>\n<hr class=\"border-border-200 border-t-0.5 my-3 mx-1.5\">\n<p class=\"font-claude-response-body break-words whitespace-normal leading-&#091;1.7&#093;\"><strong>6. Rechte der betroffenen Personen<\/strong> Folgende Rechte stehen jederzeit zu:<\/p>\n<ul class=\"&#091;li_&amp;&#093;:mb-0 &#091;li_&amp;&#093;:mt-1 &#091;li_&amp;&#093;:gap-1 &#091;&amp;:not(:last-child)_ul&#093;:pb-1 &#091;&amp;:not(:last-child)_ol&#093;:pb-1 list-disc flex flex-col gap-1 pl-8 mb-3\">\n<li class=\"whitespace-normal break-words pl-2\">Auskunft<\/li>\n<li class=\"whitespace-normal break-words pl-2\">Berichtigung<\/li>\n<li class=\"whitespace-normal break-words pl-2\">L\u00f6schung<\/li>\n<li class=\"whitespace-normal break-words pl-2\">Einschr\u00e4nkung der Verarbeitung<\/li>\n<li class=\"whitespace-normal break-words pl-2\">Widerruf der Einwilligung<\/li>\n<\/ul>\n<p class=\"font-claude-response-body break-words whitespace-normal leading-&#091;1.7&#093;\">Kontakt: <a class=\"underline underline underline-offset-2 decoration-1 decoration-current\/40 hover:decoration-current focus:decoration-current\" href=\"mailto:contact@lovelivingbeing.com\">contact@lovelivingbeing.com<\/a><\/p>\n<hr class=\"border-border-200 border-t-0.5 my-3 mx-1.5\">\n<p class=\"font-claude-response-body break-words whitespace-normal leading-&#091;1.7&#093;\"><strong>7. Sicherheit \/ Hosting<\/strong> Die Nextcloud l\u00e4uft auf deutschen Servern mit verschl\u00fcsselter \u00dcbertragung (HTTPS) und DSGVO-konformer Verarbeitung.<\/p>\n<hr class=\"border-border-200 border-t-0.5 my-3 mx-1.5\">\n<p class=\"font-claude-response-body break-words whitespace-normal leading-&#091;1.7&#093;\"><strong>8. Bildmaterial<\/strong> Auf dieser Website werden Fotos von unsplash.com (Unsplash-Lizenz) sowie KI-generierte grafische Elemente verwendet.<\/p>\n\t<\/div>\n<\/div>\n\n\n\n\n\t\t\t<\/div> \n\t\t<\/div>\n\t<\/div> \n\n\t<div  class=\"vc_col-sm-6 wpb_column column_container vc_column_container col no-extra-padding inherit_tablet inherit_phone\"  data-padding-pos=\"all\" data-has-bg-color=\"false\" data-bg-color=\"\" data-bg-opacity=\"1\" data-animation=\"\" data-delay=\"0\" >\n\t\t<div class=\"vc_column-inner\" >\n\t\t\t<div class=\"wpb_wrapper\">\n\t\t\t\t\n\t\t\t<\/div> \n\t\t<\/div>\n\t<\/div> \n\n\t<div  class=\"vc_col-sm-12 wpb_column column_container vc_column_container col no-extra-padding inherit_tablet inherit_phone\"  data-padding-pos=\"all\" data-has-bg-color=\"false\" data-bg-color=\"\" data-bg-opacity=\"1\" data-animation=\"\" data-delay=\"0\" >\n\t\t<div class=\"vc_column-inner\" >\n\t\t\t<div class=\"wpb_wrapper\">\n\t\t\t\t\n\t\t\t<\/div> \n\t\t<\/div>\n\t<\/div> \n<\/div><\/div>","protected":false},"excerpt":{"rendered":"Impressum Love Living Being gUG (haftungsbeschr\u00e4nkt) c\/o Melisa Martinez Pelayo Florastra\u00dfe 74, 13187 Berlin Eingetragen: Amtsgericht Charlottenburg \u00b7 HRB 282327 B Gemeinn\u00fctzig seit: 18.12.2025 Verantwortlich nach \u00a7 5 TMG: Melisa...","protected":false},"author":1,"featured_media":0,"parent":0,"menu_order":0,"comment_status":"closed","ping_status":"closed","template":"","meta":{"footnotes":""},"class_list":["post-75","page","type-page","status-publish"],"_links":{"self":[{"href":"https:\/\/lovelivingbeing.com\/de\/wp-json\/wp\/v2\/pages\/75","targetHints":{"allow":["GET"]}}],"collection":[{"href":"https:\/\/lovelivingbeing.com\/de\/wp-json\/wp\/v2\/pages"}],"about":[{"href":"https:\/\/lovelivingbeing.com\/de\/wp-json\/wp\/v2\/types\/page"}],"author":[{"embeddable":true,"href":"https:\/\/lovelivingbeing.com\/de\/wp-json\/wp\/v2\/users\/1"}],"replies":[{"embeddable":true,"href":"https:\/\/lovelivingbeing.com\/de\/wp-json\/wp\/v2\/comments?post=75"}],"version-history":[{"count":9,"href":"https:\/\/lovelivingbeing.com\/de\/wp-json\/wp\/v2\/pages\/75\/revisions"}],"predecessor-version":[{"id":768,"href":"https:\/\/lovelivingbeing.com\/de\/wp-json\/wp\/v2\/pages\/75\/revisions\/768"}],"wp:attachment":[{"href":"https:\/\/lovelivingbeing.com\/de\/wp-json\/wp\/v2\/media?parent=75"}],"curies":[{"name":"wp","href":"https:\/\/api.w.org\/{rel}","templated":true}]}}