{"id":664,"date":"2025-11-19T19:46:11","date_gmt":"2025-11-19T19:46:11","guid":{"rendered":"https:\/\/lovelivingbeing.com\/?page_id=664"},"modified":"2026-04-15T19:50:56","modified_gmt":"2026-04-15T19:50:56","slug":"about","status":"publish","type":"page","link":"https:\/\/lovelivingbeing.com\/de\/about\/","title":{"rendered":"\u00dcber Love Living Being"},"content":{"rendered":"<div id=\"fws_69e3824979c7c\"  data-column-margin=\"default\" data-midnight=\"dark\"  class=\"wpb_row vc_row-fluid vc_row  right_padding_10pct left_padding_10pct\"  style=\"padding-top: 0px; padding-bottom: 0px; \"><div class=\"row-bg-wrap\" data-bg-animation=\"none\" data-bg-animation-delay=\"\" data-bg-overlay=\"false\"><div class=\"inner-wrap row-bg-layer\" ><div class=\"row-bg viewport-desktop\"  style=\"\"><\/div><\/div><\/div><div class=\"row_col_wrap_12 col span_12 dark left\">\n\t<div  class=\"vc_col-sm-12 wpb_column column_container vc_column_container col no-extra-padding inherit_tablet inherit_phone\"  data-padding-pos=\"all\" data-has-bg-color=\"false\" data-bg-color=\"\" data-bg-opacity=\"1\" data-animation=\"\" data-delay=\"0\" >\n\t\t<div class=\"vc_column-inner\" >\n\t\t\t<div class=\"wpb_wrapper\">\n\t\t\t\t<div class=\"divider-wrap\" data-alignment=\"default\"><div style=\"height: 25px;\" class=\"divider\"><\/div><\/div>\n<div class=\"wpb_text_column wpb_content_element\" >\n\t<div class=\"wpb_wrapper\">\n\t\t<h2 class=\"wp-block-heading\">\u00dcber Love Living Being<\/h2>\n<p>Love Living Being (LOLIBE) begann mit einer Frage:<\/p>\n<p><strong>Was w\u00e4re, wenn Liebe \u2014 echte Liebe, f\u00fcr alle Lebewesen \u2014 eine kulturelle Kraft sein k\u00f6nnte?<\/strong><\/p>\n<p>Kein Hashtag. Keine Kampagne. Eine Bewegung mit Wurzeln in uralter Weisheit, Kunst und der radikalen \u00dcberzeugung, dass jedes Lebewesen es verdient, gesehen zu werden.<\/p>\n<p>Eine eingetragene gemeinn\u00fctzige Organisation aus Berlin \u2014 wirkend durch eigenst\u00e4ndige Akte, jeder eine andere Form derselben Intention: erwecken, erschaffen, lauter lieben. <strong>to awaken, to create, to love louder.<\/strong><\/p>\n<p data-start=\"648\" data-end=\"776\"><!-- notionvc: f1d91cb0-3335-4cfc-a0cf-a8f77218cf95 --><\/p>\n\t<\/div>\n<\/div>\n\n\n\n<div class=\"divider-wrap\" data-alignment=\"default\"><div style=\"margin-top: 12.5px; width: 20%; height: 1px; margin-bottom: 12.5px;\" data-width=\"20%\" data-animate=\"\" data-animation-delay=\"\" data-color=\"default\" class=\"divider-small-border\"><\/div><\/div>\n<div class=\"wpb_text_column wpb_content_element\" >\n\t<div class=\"wpb_wrapper\">\n\t\t<h2 data-start=\"648\" data-end=\"776\">Unsere Mission<\/h2>\n<p>Was uns antreibt<\/p>\n<p data-start=\"1319\" data-end=\"1400\">Einen kulturellen Wandel ansto\u00dfen, verwurzelt im Schutz aller Lebewesen \u2014 Respekt f\u00fcr Vielfalt, emotionale und \u00f6kologische Nachhaltigkeit, und die Schaffung von R\u00e4umen, in denen wirklich gef\u00fchlt, verbunden und dazugeh\u00f6rt werden kann.<!-- notionvc: 439af500-2281-45b4-bbef-3fd8f6f162bb --><\/p>\n\t<\/div>\n<\/div>\n\n\n\n<div class=\"divider-wrap\" data-alignment=\"default\"><div style=\"margin-top: 12.5px; width: 20%; height: 1px; margin-bottom: 12.5px;\" data-width=\"20%\" data-animate=\"\" data-animation-delay=\"\" data-color=\"default\" class=\"divider-small-border\"><\/div><\/div>\n<div class=\"wpb_text_column wpb_content_element  vc_custom_1774194572100\" >\n\t<div class=\"wpb_wrapper\">\n\t\t<h2 data-start=\"1407\" data-end=\"1426\">Vier S\u00e4ulen<\/h2>\n<p data-start=\"1903\" data-end=\"1977\">Wie wir uns bewegen<\/p>\n\t<\/div>\n<\/div>\n\n\n\n\n<div class=\"wpb_text_column wpb_content_element  vc_custom_1776282615189\" >\n\t<div class=\"wpb_wrapper\">\n\t\t<h3 data-start=\"1407\" data-end=\"1426\">\ud83d\ude80 Bildung:<\/h3>\n<p>Wissen erweitert, was f\u00fcr m\u00f6glich gehalten wird.<\/p>\n\t<\/div>\n<\/div>\n\n\n\n\n<div class=\"wpb_text_column wpb_content_element  vc_custom_1776282557179\" >\n\t<div class=\"wpb_wrapper\">\n\t\t<h3 data-start=\"1407\" data-end=\"1426\">\ud83e\udd0d Mitgef\u00fchl<\/h3>\n<p>F\u00fcr Tiere, Natur und einander.<\/p>\n\t<\/div>\n<\/div>\n\n\n\n\n<div class=\"wpb_text_column wpb_content_element  vc_custom_1776282630612\" >\n\t<div class=\"wpb_wrapper\">\n\t\t<h3 data-start=\"1407\" data-end=\"1426\">\u26a1\ufe0f Kultur:<!-- notionvc: 28b7f038-35cb-4ace-a26b-c0edce63a551 --><\/h3>\n<p class=\"font-claude-response-body break-words whitespace-normal leading-&#091;1.7&#093;\">Die universelle Sprache, die Intellekt, Emotion und Gemeinschaft vereint.<\/p>\n<p><!-- notionvc: e149f63d-ecd1-4c9a-97ef-bdae693fbfbf --><\/p>\n\t<\/div>\n<\/div>\n\n\n\n\n<div class=\"wpb_text_column wpb_content_element  vc_custom_1774194631222\" >\n\t<div class=\"wpb_wrapper\">\n\t\t<h3 data-start=\"1407\" data-end=\"1426\">\ud83c\udf31 Nachhaltigkeit:<!-- notionvc: e8acad2a-7566-4afd-b959-05bcf0617562 --><\/h3>\n<p>Nicht nur \u00f6kologisch. Auch menschlich, spirituell und kreativ.<!-- notionvc: 8483fad4-5503-4518-a804-e5769bbb934e --><\/p>\n\t<\/div>\n<\/div>\n\n\n\n<div class=\"divider-wrap\" data-alignment=\"default\"><div style=\"margin-top: 12.5px; width: 20%; height: 1px; margin-bottom: 12.5px;\" data-width=\"20%\" data-animate=\"\" data-animation-delay=\"\" data-color=\"default\" class=\"divider-small-border\"><\/div><\/div>\n<div class=\"wpb_text_column wpb_content_element  vc_custom_1776282504187\" >\n\t<div class=\"wpb_wrapper\">\n\t\t<h2 data-start=\"1984\" data-end=\"2005\">Rechtliche Angaben<\/h2>\n<p>Love Living Being gUG (haftungsbeschr\u00e4nkt) Registered: Amtsgericht Charlottenburg \u00b7 HRB 282327 B Gemeinn\u00fctzig seit: 18.12.2025 Address: c\/o Melisa Martinez Pelayo, Florastra\u00dfe 74, 13187 Berlin Contact: <a href=\"mailto:contact@lovelivingbeing.com\">contact@lovelivingbeing.com<\/a><\/p>\n<p><em>Spenden sind in Deutschland steuerlich absetzbar. Zuwendungsbest\u00e4tigung auf Anfrage.<\/em><!-- notionvc: e4efffa9-16f4-48ac-ad47-e84449ab346f --><\/p>\n\t<\/div>\n<\/div>\n\n\n\n\n<div class=\"wpb_text_column wpb_content_element  vc_custom_1774194430315\" >\n\t<div class=\"wpb_wrapper\">\n\t\t<h2 data-start=\"2325\" data-end=\"2344\"><span class=\"notion-enable-hover\" data-token-index=\"0\">Sch\u00f6pfung ist unsere Sprache.<\/span><\/h2>\n<h2 data-start=\"2325\" data-end=\"2344\"><span class=\"notion-enable-hover\" data-token-index=\"0\">Emotion ist unser Werkzeug. <\/span><\/h2>\n<h2 data-start=\"2325\" data-end=\"2344\"><span class=\"notion-enable-hover\" data-token-index=\"0\">Das Leben ist unser Auftrag.<\/span><!-- notionvc: a595c605-535f-4779-9753-abc5005599f6 --><\/h2>\n\t<\/div>\n<\/div>\n\n\n\n\n\t\t\t<\/div> \n\t\t<\/div>\n\t<\/div> \n<\/div><\/div>\n<!-- \/wp:post-content -->","protected":false},"excerpt":{"rendered":"About Love Living Being (LOLIBE) started with a question: What if love, real love, for all living beings, could be a cultural force? Not a hashtag. Not a campaign. A...","protected":false},"author":1,"featured_media":0,"parent":0,"menu_order":0,"comment_status":"closed","ping_status":"closed","template":"","meta":{"footnotes":""},"class_list":["post-664","page","type-page","status-publish"],"_links":{"self":[{"href":"https:\/\/lovelivingbeing.com\/de\/wp-json\/wp\/v2\/pages\/664","targetHints":{"allow":["GET"]}}],"collection":[{"href":"https:\/\/lovelivingbeing.com\/de\/wp-json\/wp\/v2\/pages"}],"about":[{"href":"https:\/\/lovelivingbeing.com\/de\/wp-json\/wp\/v2\/types\/page"}],"author":[{"embeddable":true,"href":"https:\/\/lovelivingbeing.com\/de\/wp-json\/wp\/v2\/users\/1"}],"replies":[{"embeddable":true,"href":"https:\/\/lovelivingbeing.com\/de\/wp-json\/wp\/v2\/comments?post=664"}],"version-history":[{"count":5,"href":"https:\/\/lovelivingbeing.com\/de\/wp-json\/wp\/v2\/pages\/664\/revisions"}],"predecessor-version":[{"id":765,"href":"https:\/\/lovelivingbeing.com\/de\/wp-json\/wp\/v2\/pages\/664\/revisions\/765"}],"wp:attachment":[{"href":"https:\/\/lovelivingbeing.com\/de\/wp-json\/wp\/v2\/media?parent=664"}],"curies":[{"name":"wp","href":"https:\/\/api.w.org\/{rel}","templated":true}]}}